{"id":2099,"date":"2024-07-26T17:15:52","date_gmt":"2024-07-26T20:15:52","guid":{"rendered":"https:\/\/staging.frinsports.com\/?post_type=product&#038;p=2099"},"modified":"2024-07-26T17:16:40","modified_gmt":"2024-07-26T20:16:40","slug":"dc-fighters-jiu-jitsu-adulto-2","status":"publish","type":"product","link":"https:\/\/staging.frinsports.com\/en\/product\/dc-fighters-jiu-jitsu-adulto-2\/","title":{"rendered":"DC Fighters \u2013 Adult Jiu Jitsu"},"content":{"rendered":"<p>Center of excellence in martial arts. Let&#039;s train?<\/p>\n<p>Schedules:<\/p>\n<p>Morning: 7:00 and 8:00<\/p>\n<p>Evening: 8:00 p.m.<\/p>","protected":false},"excerpt":{"rendered":"<p>Centro de excel\u00eancia em artes marciais. Bora Treinar? Hor\u00e1rios: Manh\u00e3: 7h00 e 8h00 Noite: 20h00<\/p>","protected":false},"featured_media":1863,"template":"","meta":{"content-type":"","advanced_seo_description":"","jetpack_seo_html_title":"","jetpack_seo_noindex":false,"jetpack_post_was_ever_published":false},"product_brand":[],"product_cat":[773354],"product_tag":[773355],"class_list":{"0":"post-2099","1":"product","2":"type-product","3":"status-publish","4":"has-post-thumbnail","6":"product_cat-plano","7":"product_tag-lutas","9":"first","10":"instock","11":"sold-individually","12":"taxable","13":"shipping-taxable","14":"purchasable","15":"product-type-simple"},"jetpack_likes_enabled":true,"jetpack_sharing_enabled":true,"_links":{"self":[{"href":"https:\/\/staging.frinsports.com\/en\/wp-json\/wp\/v2\/product\/2099","targetHints":{"allow":["GET"]}}],"collection":[{"href":"https:\/\/staging.frinsports.com\/en\/wp-json\/wp\/v2\/product"}],"about":[{"href":"https:\/\/staging.frinsports.com\/en\/wp-json\/wp\/v2\/types\/product"}],"version-history":[{"count":0,"href":"https:\/\/staging.frinsports.com\/en\/wp-json\/wp\/v2\/product\/2099\/revisions"}],"wp:featuredmedia":[{"embeddable":true,"href":"https:\/\/staging.frinsports.com\/en\/wp-json\/wp\/v2\/media\/1863"}],"wp:attachment":[{"href":"https:\/\/staging.frinsports.com\/en\/wp-json\/wp\/v2\/media?parent=2099"}],"wp:term":[{"taxonomy":"product_brand","embeddable":true,"href":"https:\/\/staging.frinsports.com\/en\/wp-json\/wp\/v2\/product_brand?post=2099"},{"taxonomy":"product_cat","embeddable":true,"href":"https:\/\/staging.frinsports.com\/en\/wp-json\/wp\/v2\/product_cat?post=2099"},{"taxonomy":"product_tag","embeddable":true,"href":"https:\/\/staging.frinsports.com\/en\/wp-json\/wp\/v2\/product_tag?post=2099"}],"curies":[{"name":"wp","href":"https:\/\/api.w.org\/{rel}","templated":true}]}}