{"id":346,"date":"2022-03-10T16:09:43","date_gmt":"2022-03-10T19:09:43","guid":{"rendered":"https:\/\/staging.frinsports.com\/privacy-policy\/"},"modified":"2023-10-23T07:55:12","modified_gmt":"2023-10-23T10:55:12","slug":"politica-de-privacidade","status":"publish","type":"page","link":"https:\/\/staging.frinsports.com\/en\/politica-de-privacidade\/","title":{"rendered":"Privacy Policy"},"content":{"rendered":"<p>&nbsp;<\/p>\n<p style=\"text-align: center; padding-left: 40px;\"><b>Privacy Policy<\/b><\/p>\n<p style=\"padding-left: 40px;\"><span style=\"font-weight: 400;\">This Privacy Policy describes how Frinsports collects, uses, protects and shares personal information obtained from users of this website. By accessing and using the website, you agree to this Privacy Policy, recognizing that Frinsports respects your privacy and complies with the General Data Protection Law (LGPD) and other applicable regulations.<\/span><\/p>\n<p style=\"padding-left: 40px;\"><span style=\"font-weight: 400;\">Data collect<\/span><\/p>\n<p style=\"padding-left: 40px;\"><span style=\"font-weight: 400;\">Frinsports may collect personal information, such as name, email address, contact information, payment data and other data voluntarily provided by the User when filling out forms, subscribing to newsletters, or participating in promotions on the Site.<\/span><\/p>\n<p style=\"padding-left: 40px;\"><span style=\"font-weight: 400;\">Frinsports may also automatically collect information such as IP address, device type, operating system, web browser, and activity on the Site using cookies and other tracking technologies. Please see our Cookies Policy for detailed information on the use of cookies.<\/span><\/p>\n<p style=\"padding-left: 40px;\"><span style=\"font-weight: 400;\">Frinsports may collect information from third-party sources, such as commercial partners and social networks, when the User grants permission to share this data.<\/span><\/p>\n<p style=\"padding-left: 40px;\"><span style=\"font-weight: 400;\">Use of Data<\/span><\/p>\n<p style=\"padding-left: 40px;\"><span style=\"font-weight: 400;\">Frinsports uses the information collected to:<\/span><\/p>\n<ol>\n<li style=\"list-style-type: none;\">\n<ol>\n<li><span style=\"font-weight: 400;\">a) Provide the services and information requested by the User;<\/span><\/li>\n<li><span style=\"font-weight: 400;\">b) Personalize and improve the User experience on the Website;<\/span><\/li>\n<li><span style=\"font-weight: 400;\">c) Manage user accounts and process transactions;<\/span><\/li>\n<li><span style=\"font-weight: 400;\">d) Send commercial communications, updates and promotional offers, with the option to cancel at any time;<\/span><\/li>\n<li><span style=\"font-weight: 400;\">e) Comply with legal and regulatory obligations.<\/span><\/li>\n<\/ol>\n<\/li>\n<\/ol>\n<p style=\"padding-left: 40px;\"><span style=\"font-weight: 400;\">Data Sharing<\/span><\/p>\n<p style=\"padding-left: 40px;\"><span style=\"font-weight: 400;\">Frinsports may share personal information with third parties only in the following circumstances:<\/span><\/p>\n<ol>\n<li style=\"list-style-type: none;\">\n<ol>\n<li><span style=\"font-weight: 400;\">a) With third parties who provide services on behalf of Frinsports, such as payment processing, website hosting, data analysis and provision of customer support services;<\/span><\/li>\n<li><span style=\"font-weight: 400;\">b) When required by law, regulations or court orders;<\/span><\/li>\n<li><span style=\"font-weight: 400;\">c) With business partners when the User authorizes the sharing of information;<\/span><\/li>\n<li><span style=\"font-weight: 400;\">d) In the event of mergers, acquisitions or sale of assets, in which User information may be transferred to third parties as part of the transaction.<\/span><\/li>\n<\/ol>\n<\/li>\n<\/ol>\n<p style=\"padding-left: 40px;\"><span style=\"font-weight: 400;\">Data Protection<\/span><\/p>\n<p style=\"padding-left: 40px;\"><span style=\"font-weight: 400;\">Frinsports adopts reasonable measures to protect Users&#039; personal information against loss, theft, unauthorized access, disclosure, copying, use or modification. However, we cannot guarantee the absolute security of information.<\/span><\/p>\n<p style=\"padding-left: 40px;\"><span style=\"font-weight: 400;\">Rights of Data Subjects<\/span><\/p>\n<p style=\"padding-left: 40px;\"><span style=\"font-weight: 400;\">Data subjects have rights guaranteed by the LGPD, including the right to access, correct, delete, or contest the use of their personal information. To exercise these rights or ask questions related to this Privacy Policy, please contact Frinsports through the communication channels available on the Website.<\/span><\/p>\n<p style=\"padding-left: 40px;\">","protected":false},"excerpt":{"rendered":"<p>&nbsp; Pol\u00edtica de Privacidade Esta Pol\u00edtica de Privacidade descreve como a Frinsports coleta, utiliza, protege e compartilha informa\u00e7\u00f5es pessoais obtidas dos usu\u00e1rios deste site. Ao&hellip;<\/p>","protected":false},"author":216528720,"featured_media":0,"parent":0,"menu_order":0,"comment_status":"closed","ping_status":"closed","template":"page-fullwidth-content.php","meta":{"content-type":"","advanced_seo_description":"","jetpack_seo_html_title":"","jetpack_seo_noindex":false,"jetpack_post_was_ever_published":false,"footnotes":""},"class_list":["post-346","page","type-page","status-publish","hentry"],"jetpack_likes_enabled":true,"jetpack_sharing_enabled":true,"jetpack_shortlink":"https:\/\/wp.me\/Pg88lx-5A","_links":{"self":[{"href":"https:\/\/staging.frinsports.com\/en\/wp-json\/wp\/v2\/pages\/346","targetHints":{"allow":["GET"]}}],"collection":[{"href":"https:\/\/staging.frinsports.com\/en\/wp-json\/wp\/v2\/pages"}],"about":[{"href":"https:\/\/staging.frinsports.com\/en\/wp-json\/wp\/v2\/types\/page"}],"author":[{"embeddable":true,"href":"https:\/\/staging.frinsports.com\/en\/wp-json\/wp\/v2\/users\/216528720"}],"replies":[{"embeddable":true,"href":"https:\/\/staging.frinsports.com\/en\/wp-json\/wp\/v2\/comments?post=346"}],"version-history":[{"count":0,"href":"https:\/\/staging.frinsports.com\/en\/wp-json\/wp\/v2\/pages\/346\/revisions"}],"wp:attachment":[{"href":"https:\/\/staging.frinsports.com\/en\/wp-json\/wp\/v2\/media?parent=346"}],"curies":[{"name":"wp","href":"https:\/\/api.w.org\/{rel}","templated":true}]}}